{"id":2671,"date":"2019-06-25T21:53:03","date_gmt":"2019-06-25T21:53:03","guid":{"rendered":"https:\/\/dotacionesrico.com\/?post_type=product&#038;p=2671"},"modified":"2020-04-28T13:12:10","modified_gmt":"2020-04-28T13:12:10","slug":"tapaboca-termosellado-3m-9010","status":"publish","type":"product","link":"https:\/\/dotacionesrico.com\/?product=tapaboca-termosellado-3m-9010","title":{"rendered":"Tapaboca termosellado 3M 9010"},"content":{"rendered":"\n<p>\n\nDetalles<\/p>\n\n\n\n<ul class=\"wp-block-list\"><li>Bajo Costo<\/li><li>Aprobado por NIOSH 42.CFR.84.<\/li><li>De Doblar<\/li><li>Durabilidad Media<\/li><li>Fabricado con un Medio Filtrante Electrost\u00e1tico Avanzado, novedoso sistema de retenci\u00f3n de part\u00edculas que permite mayor eficiencia del filtro con menor ca\u00edda de presi\u00f3n<\/li><\/ul>\n\n\n\n<p>El respirador libre de mantenimiento N95 3M\u2122 9010 brinda una efectiva, confortable e higi\u00e9nica protecci\u00f3n respiratoria contra la gran mayor\u00eda de polvos y part\u00edculas sin presencia de aceite. Es un respirador plegable con materiales ligeros que dan mayor comodidad al usuario y promueven mayor tiempo de uso.<\/p>\n\n\n\n<p>El respirador libre de mantenimiento N95 3M\u2122 9010 brinda una efectiva, confortable e higi\u00e9nica protecci\u00f3n respiratoria contra la gran mayor\u00eda de polvos y part\u00edculas sin presencia de aceite. Es un respirador plegable con materiales de construcci\u00f3n ligeros que dan mayor comodidad al usuario y promueven mayor tiempo de uso. Cuenta con un material filtrante electrost\u00e1tico avanzado que permiten una mayor facilidad para respirar. Su forma plegable, el dise\u00f1o de sus bandas el\u00e1sticas, y el clip de aluminio para el ajuste a la nariz aseguran un excelente sello adapt\u00e1ndose a un amplio rango de tama\u00f1os de cara. Caracter\u00edsticas: Cintas el\u00e1sticas: L\u00e1tex de hule natural Clip met\u00e1lico: Aluminio Elemento filtrante: Tela no tejida de polipropileno y poli\u00e9ster. Peso apr\u00f3x.: 10g Color: Blanco con ligas amarillas ADVERTENCIA: Los respiradores ayudan a reducir la exposici\u00f3n a ciertos contaminantes en el aire. Antes de utilizarlo, el usuario debe leer y comprender las Instrucciones incluidas como parte del embalaje del producto. Se recomienda incluir la capacitaci\u00f3n, pruebas de ajuste y evaluaci\u00f3n m\u00e9dica. El mal uso puede ocasionar enfermedad o incluso la muerte. Para un uso adecuado, consulte las instrucciones del paquete, supervisor, o llame a 3M Colombia o Servicio T\u00e9cnico al 416 16 66 PBX 2036 &#8211; 2037. No usar cuando las concentraciones sean mayores a 10 veces el l\u00edmite de exposici\u00f3n o menor de 0,05 mg\/m3. No usar en atm\u00f3sferas cuyo contenido de ox\u00edgeno sea menor a 19.5 %. No usar en atm\u00f3sferas en las que el contaminante est\u00e9 en concentraciones IDLH (inmediatamente peligrosas para la vida y la salud).<\/p>\n","protected":false},"excerpt":{"rendered":"<table class=\"MMM--dat MMM--pdpTabVr SNAPS--SpecTbl-Mt15\">\n<tbody>\n<tr class=\"MMM--dat-row\">\n<td>\n<div class=\"MMM--dat-cell SNAPS-specAdjust\"><span class=\"MMM--txt_bold\">Aprobado por la FDA<\/span><\/div>\n<\/td>\n<td>\n<div class=\"MMM--dat-cell dat-cell_specDefinition SNAPS-specAdjust SNAPS--SpecTbl-RowCols SNAPS--SpecTbl-Overflow\"><span class=\"MMM--txt_bold\">No<\/span><\/div>\n<\/td>\n<\/tr>\n<tr class=\"MMM--dat-row\">\n<td>\n<div class=\"MMM--dat-cell SNAPS-specAdjust\"><span class=\"MMM--txt_bold\">Cantidad por caja<\/span><\/div>\n<\/td>\n<td>\n<div class=\"MMM--dat-cell dat-cell_specDefinition SNAPS-specAdjust SNAPS--SpecTbl-RowCols SNAPS--SpecTbl-Overflow\"><span class=\"MMM--txt_bold\">20<\/span><\/div>\n<\/td>\n<\/tr>\n<tr class=\"MMM--dat-row\">\n<td>\n<div class=\"MMM--dat-cell SNAPS-specAdjust\"><span class=\"MMM--txt_bold\">Caracter\u00edsticas<\/span><\/div>\n<\/td>\n<td>\n<div class=\"MMM--dat-cell dat-cell_specDefinition SNAPS-specAdjust SNAPS--SpecTbl-RowCols SNAPS--SpecTbl-Overflow\"><span class=\"MMM--txt_bold\">C\u00f3modas Correas El\u00e1sticas<\/span><span class=\"MMM--txt_bold\">, Empacado individualmente<\/span><span class=\"MMM--txt_bold\">, Banda El\u00e1stica<\/span><\/div>\n<\/td>\n<\/tr>\n<tr class=\"MMM--dat-row\">\n<td>\n<div class=\"MMM--dat-cell SNAPS-specAdjust\"><span class=\"MMM--txt_bold\">Componentes naturales de L\u00e1tex de Caucho<\/span><\/div>\n<\/td>\n<td>\n<div class=\"MMM--dat-cell dat-cell_specDefinition SNAPS-specAdjust SNAPS--SpecTbl-RowCols SNAPS--SpecTbl-Overflow\"><span class=\"MMM--txt_bold\">No<\/span><\/div>\n<\/td>\n<\/tr>\n<tr class=\"MMM--dat-row\">\n<td>\n<div class=\"MMM--dat-cell SNAPS-specAdjust\"><span class=\"MMM--txt_bold\">Est\u00e1ndares \/ Aprobaciones<\/span><\/div>\n<\/td>\n<td>\n<div class=\"MMM--dat-cell dat-cell_specDefinition SNAPS-specAdjust SNAPS--SpecTbl-RowCols SNAPS--SpecTbl-Overflow\"><span class=\"MMM--txt_bold\">N99<\/span><\/div>\n<\/td>\n<\/tr>\n<tr class=\"MMM--dat-row\">\n<td>\n<div class=\"MMM--dat-cell SNAPS-specAdjust\"><span class=\"MMM--txt_bold\">Estilo del Respirador<\/span><\/div>\n<\/td>\n<td>\n<div class=\"MMM--dat-cell dat-cell_specDefinition SNAPS-specAdjust SNAPS--SpecTbl-RowCols SNAPS--SpecTbl-Overflow\"><span class=\"MMM--txt_bold\">Plegable<\/span><\/div>\n<\/td>\n<\/tr>\n<tr class=\"MMM--dat-row\">\n<td>\n<div class=\"MMM--dat-cell SNAPS-specAdjust\"><span class=\"MMM--txt_bold\">Resistencia al Fuego<\/span><\/div>\n<\/td>\n<td>\n<div class=\"MMM--dat-cell dat-cell_specDefinition SNAPS-specAdjust SNAPS--SpecTbl-RowCols SNAPS--SpecTbl-Overflow\"><span class=\"MMM--txt_bold\">No<\/span><\/div>\n<\/td>\n<\/tr>\n<tr class=\"MMM--dat-row\">\n<td>\n<div class=\"MMM--dat-cell SNAPS-specAdjust\"><span class=\"MMM--txt_bold\">Resistente a los Fluidos<\/span><\/div>\n<\/td>\n<td>\n<div class=\"MMM--dat-cell dat-cell_specDefinition SNAPS-specAdjust SNAPS--SpecTbl-RowCols SNAPS--SpecTbl-Overflow\"><span class=\"MMM--txt_bold\">N \/ A<\/span><\/div>\n<\/td>\n<\/tr>\n<tr class=\"MMM--dat-row\">\n<td>\n<div class=\"MMM--dat-cell SNAPS-specAdjust\"><span class=\"MMM--txt_bold\">Tipo de Aerosol<\/span><\/div>\n<\/td>\n<td>\n<div class=\"MMM--dat-cell dat-cell_specDefinition SNAPS-specAdjust SNAPS--SpecTbl-RowCols SNAPS--SpecTbl-Overflow\"><span class=\"MMM--txt_bold\">Sin Aceites<\/span><\/div>\n<\/td>\n<\/tr>\n<tr class=\"MMM--dat-row\">\n<td>\n<div class=\"MMM--dat-cell SNAPS-specAdjust\"><span class=\"MMM--txt_bold\">Tipo de Producto<\/span><\/div>\n<\/td>\n<td>\n<div class=\"MMM--dat-cell dat-cell_specDefinition SNAPS-specAdjust SNAPS--SpecTbl-RowCols SNAPS--SpecTbl-Overflow\"><span class=\"MMM--txt_bold\">Polvo y Otras Part\u00edculas<\/span><\/div>\n<\/td>\n<\/tr>\n<tr class=\"MMM--dat-row\">\n<td>\n<div class=\"MMM--dat-cell SNAPS-specAdjust\"><span class=\"MMM--txt_bold\">V\u00e1lvula de Exhalaci\u00f3n<\/span><\/div>\n<\/td>\n<td>\n<div class=\"MMM--dat-cell dat-cell_specDefinition SNAPS-specAdjust SNAPS--SpecTbl-RowCols SNAPS--SpecTbl-Overflow\"><span class=\"MMM--txt_bold\">No<\/span><\/div>\n<\/td>\n<\/tr>\n<\/tbody>\n<\/table>\n","protected":false},"featured_media":2672,"comment_status":"open","ping_status":"closed","template":"","meta":[],"product_brand":[],"product_cat":[263],"product_tag":[],"class_list":{"0":"post-2671","1":"product","2":"type-product","3":"status-publish","4":"has-post-thumbnail","6":"product_cat-tapabocas-mascarillas","7":"yith_product_brand-3m","9":"first","10":"outofstock","11":"shipping-taxable","12":"product-type-simple"},"_links":{"self":[{"href":"https:\/\/dotacionesrico.com\/index.php?rest_route=\/wp\/v2\/product\/2671","targetHints":{"allow":["GET"]}}],"collection":[{"href":"https:\/\/dotacionesrico.com\/index.php?rest_route=\/wp\/v2\/product"}],"about":[{"href":"https:\/\/dotacionesrico.com\/index.php?rest_route=\/wp\/v2\/types\/product"}],"replies":[{"embeddable":true,"href":"https:\/\/dotacionesrico.com\/index.php?rest_route=%2Fwp%2Fv2%2Fcomments&post=2671"}],"wp:featuredmedia":[{"embeddable":true,"href":"https:\/\/dotacionesrico.com\/index.php?rest_route=\/wp\/v2\/media\/2672"}],"wp:attachment":[{"href":"https:\/\/dotacionesrico.com\/index.php?rest_route=%2Fwp%2Fv2%2Fmedia&parent=2671"}],"wp:term":[{"taxonomy":"product_brand","embeddable":true,"href":"https:\/\/dotacionesrico.com\/index.php?rest_route=%2Fwp%2Fv2%2Fproduct_brand&post=2671"},{"taxonomy":"product_cat","embeddable":true,"href":"https:\/\/dotacionesrico.com\/index.php?rest_route=%2Fwp%2Fv2%2Fproduct_cat&post=2671"},{"taxonomy":"product_tag","embeddable":true,"href":"https:\/\/dotacionesrico.com\/index.php?rest_route=%2Fwp%2Fv2%2Fproduct_tag&post=2671"}],"curies":[{"name":"wp","href":"https:\/\/api.w.org\/{rel}","templated":true}]}}