{"id":2592,"date":"2018-07-05T22:28:03","date_gmt":"2018-07-05T22:28:03","guid":{"rendered":"https:\/\/dotacionesrico.com\/?post_type=product&#038;p=2592"},"modified":"2018-07-05T22:28:03","modified_gmt":"2018-07-05T22:28:03","slug":"guante-nitrilo-corto","status":"publish","type":"product","link":"https:\/\/dotacionesrico.com\/?product=guante-nitrilo-corto","title":{"rendered":"Guante nitrilo corto"},"content":{"rendered":"","protected":false},"excerpt":{"rendered":"<ul>\n<li>Guante en nitrilo con formulaci\u00f3n espec\u00edfica con el fin de alta resistencia a solventes qu\u00edmicos y sustancias oleosas.<\/li>\n<li>utilizado en el sector qu\u00edmico, fabricacion de baterias, reparacion de maquinaria, etc.<\/li>\n<\/ul>\n","protected":false},"featured_media":2593,"comment_status":"open","ping_status":"closed","template":"","meta":[],"product_brand":[],"product_cat":[264],"product_tag":[],"class_list":{"0":"post-2592","1":"product","2":"type-product","3":"status-publish","4":"has-post-thumbnail","6":"product_cat-guantes","8":"first","9":"instock","10":"shipping-taxable","11":"product-type-simple"},"_links":{"self":[{"href":"https:\/\/dotacionesrico.com\/index.php?rest_route=\/wp\/v2\/product\/2592","targetHints":{"allow":["GET"]}}],"collection":[{"href":"https:\/\/dotacionesrico.com\/index.php?rest_route=\/wp\/v2\/product"}],"about":[{"href":"https:\/\/dotacionesrico.com\/index.php?rest_route=\/wp\/v2\/types\/product"}],"replies":[{"embeddable":true,"href":"https:\/\/dotacionesrico.com\/index.php?rest_route=%2Fwp%2Fv2%2Fcomments&post=2592"}],"wp:featuredmedia":[{"embeddable":true,"href":"https:\/\/dotacionesrico.com\/index.php?rest_route=\/wp\/v2\/media\/2593"}],"wp:attachment":[{"href":"https:\/\/dotacionesrico.com\/index.php?rest_route=%2Fwp%2Fv2%2Fmedia&parent=2592"}],"wp:term":[{"taxonomy":"product_brand","embeddable":true,"href":"https:\/\/dotacionesrico.com\/index.php?rest_route=%2Fwp%2Fv2%2Fproduct_brand&post=2592"},{"taxonomy":"product_cat","embeddable":true,"href":"https:\/\/dotacionesrico.com\/index.php?rest_route=%2Fwp%2Fv2%2Fproduct_cat&post=2592"},{"taxonomy":"product_tag","embeddable":true,"href":"https:\/\/dotacionesrico.com\/index.php?rest_route=%2Fwp%2Fv2%2Fproduct_tag&post=2592"}],"curies":[{"name":"wp","href":"https:\/\/api.w.org\/{rel}","templated":true}]}}