{"id":2554,"date":"2018-04-30T14:42:16","date_gmt":"2018-04-30T14:42:16","guid":{"rendered":"https:\/\/dotacionesrico.com\/?post_type=product&#038;p=2554"},"modified":"2018-04-30T14:42:16","modified_gmt":"2018-04-30T14:42:16","slug":"tapaoido-tipo-copa-steelpro","status":"publish","type":"product","link":"https:\/\/dotacionesrico.com\/?product=tapaoido-tipo-copa-steelpro","title":{"rendered":"Tapaoido tipo copa Steelpro"},"content":{"rendered":"<p>Los livianos protectores auditivos tipo fono modelo SAMURAI de STEELPRO, brindan<br \/>\nuna efectiva protecci\u00f3n a los trabajadores que se desempe\u00f1an en \u00e1reas donde los<br \/>\nniveles de ruido superan los 85 dB(A) durante 8 hrs.<br \/>\nde exposici\u00f3n efectiva. Sus suaves almohadillas de espuma proporcionan un ajuste<br \/>\nc\u00f3modo y seguro para una efectiva protecci\u00f3n del ruido al que puede estar expuesto el<br \/>\nusuario. El arco del fono admite f\u00e1cil desplazamiento en la nuca, lo que permite el uso<br \/>\nde casco tipo ala.<\/p>\n","protected":false},"excerpt":{"rendered":"<ul>\n<li>Copas: ABS y policarbonatos de alta resistencia al impacto y choques contra materiales<br \/>\nfijos.<\/li>\n<li>Copas ultralivianas y ergonom\u00e9tricas.<\/li>\n<li>Brinda protecci\u00f3n hasta 23 dB<\/li>\n<li>Se considera como diel\u00e9ctrico, no posee ning\u00fan elemento met\u00e1lico.<\/li>\n<li>Banda acolchada.<\/li>\n<li>Puede ajustar la altura del fono para brindar una combinaci\u00f3n perfecta entre<br \/>\ncomodidad y confort.<\/li>\n<\/ul>\n","protected":false},"featured_media":2555,"comment_status":"open","ping_status":"closed","template":"","meta":[],"product_brand":[],"product_cat":[261],"product_tag":[],"class_list":{"0":"post-2554","1":"product","2":"type-product","3":"status-publish","4":"has-post-thumbnail","6":"product_cat-tapaoidos","8":"first","9":"instock","10":"shipping-taxable","11":"product-type-simple"},"_links":{"self":[{"href":"https:\/\/dotacionesrico.com\/index.php?rest_route=\/wp\/v2\/product\/2554","targetHints":{"allow":["GET"]}}],"collection":[{"href":"https:\/\/dotacionesrico.com\/index.php?rest_route=\/wp\/v2\/product"}],"about":[{"href":"https:\/\/dotacionesrico.com\/index.php?rest_route=\/wp\/v2\/types\/product"}],"replies":[{"embeddable":true,"href":"https:\/\/dotacionesrico.com\/index.php?rest_route=%2Fwp%2Fv2%2Fcomments&post=2554"}],"wp:featuredmedia":[{"embeddable":true,"href":"https:\/\/dotacionesrico.com\/index.php?rest_route=\/wp\/v2\/media\/2555"}],"wp:attachment":[{"href":"https:\/\/dotacionesrico.com\/index.php?rest_route=%2Fwp%2Fv2%2Fmedia&parent=2554"}],"wp:term":[{"taxonomy":"product_brand","embeddable":true,"href":"https:\/\/dotacionesrico.com\/index.php?rest_route=%2Fwp%2Fv2%2Fproduct_brand&post=2554"},{"taxonomy":"product_cat","embeddable":true,"href":"https:\/\/dotacionesrico.com\/index.php?rest_route=%2Fwp%2Fv2%2Fproduct_cat&post=2554"},{"taxonomy":"product_tag","embeddable":true,"href":"https:\/\/dotacionesrico.com\/index.php?rest_route=%2Fwp%2Fv2%2Fproduct_tag&post=2554"}],"curies":[{"name":"wp","href":"https:\/\/api.w.org\/{rel}","templated":true}]}}