{"id":2545,"date":"2018-04-28T22:49:53","date_gmt":"2018-04-28T22:49:53","guid":{"rendered":"https:\/\/dotacionesrico.com\/?post_type=product&#038;p=2545"},"modified":"2022-10-22T23:52:14","modified_gmt":"2022-10-22T23:52:14","slug":"tapaoido-insercion","status":"publish","type":"product","link":"https:\/\/dotacionesrico.com\/?product=tapaoido-insercion","title":{"rendered":"Tapaoido inserci\u00f3n"},"content":{"rendered":"<p>Elemento de Protecci\u00f3n auditiva tipo inserci\u00f3n fabricado en silicona compuesto elastom\u00e9rico antial\u00e9rgico suave de larga duraci\u00f3n, proporciona comodidad y confort al uso.<\/p>\n","protected":false},"excerpt":{"rendered":"<ul>\n<li>Alto nivel de atenuaci\u00f3n NRR 25<\/li>\n<li>Forma de \u00e1rbol c\u00f3nico con punta redondeada para facilitar inserci\u00f3n<\/li>\n<li>ANSI S 3.19 &#8211; CE EN 352-2<\/li>\n<\/ul>\n","protected":false},"featured_media":2546,"comment_status":"open","ping_status":"closed","template":"","meta":[],"product_brand":[],"product_cat":[261],"product_tag":[],"class_list":{"0":"post-2545","1":"product","2":"type-product","3":"status-publish","4":"has-post-thumbnail","6":"product_cat-tapaoidos","8":"first","9":"instock","10":"shipping-taxable","11":"product-type-simple"},"_links":{"self":[{"href":"https:\/\/dotacionesrico.com\/index.php?rest_route=\/wp\/v2\/product\/2545","targetHints":{"allow":["GET"]}}],"collection":[{"href":"https:\/\/dotacionesrico.com\/index.php?rest_route=\/wp\/v2\/product"}],"about":[{"href":"https:\/\/dotacionesrico.com\/index.php?rest_route=\/wp\/v2\/types\/product"}],"replies":[{"embeddable":true,"href":"https:\/\/dotacionesrico.com\/index.php?rest_route=%2Fwp%2Fv2%2Fcomments&post=2545"}],"wp:featuredmedia":[{"embeddable":true,"href":"https:\/\/dotacionesrico.com\/index.php?rest_route=\/wp\/v2\/media\/2546"}],"wp:attachment":[{"href":"https:\/\/dotacionesrico.com\/index.php?rest_route=%2Fwp%2Fv2%2Fmedia&parent=2545"}],"wp:term":[{"taxonomy":"product_brand","embeddable":true,"href":"https:\/\/dotacionesrico.com\/index.php?rest_route=%2Fwp%2Fv2%2Fproduct_brand&post=2545"},{"taxonomy":"product_cat","embeddable":true,"href":"https:\/\/dotacionesrico.com\/index.php?rest_route=%2Fwp%2Fv2%2Fproduct_cat&post=2545"},{"taxonomy":"product_tag","embeddable":true,"href":"https:\/\/dotacionesrico.com\/index.php?rest_route=%2Fwp%2Fv2%2Fproduct_tag&post=2545"}],"curies":[{"name":"wp","href":"https:\/\/api.w.org\/{rel}","templated":true}]}}