{"id":2460,"date":"2018-01-28T20:46:13","date_gmt":"2018-01-28T20:46:13","guid":{"rendered":"https:\/\/dotacionesrico.com\/?post_type=product&#038;p=2460"},"modified":"2018-01-28T20:46:13","modified_gmt":"2018-01-28T20:46:13","slug":"bota-en-caucho-cerro-con-puntera-amarilla-o-blanca","status":"publish","type":"product","link":"https:\/\/dotacionesrico.com\/?product=bota-en-caucho-cerro-con-puntera-amarilla-o-blanca","title":{"rendered":"Bota en caucho cerro con puntera Amarilla o Blanca"},"content":{"rendered":"<p>Bota utlizada en el sector de\u00a0Construcci\u00f3n, miner\u00eda, sector metalmec\u00e1nico y alimentos<\/p>\n","protected":false},"excerpt":{"rendered":"<p>Bota PVC, 100% impermeable, \u00a0puntera en acero con suela antideslizante y de excelente agarre<\/p>\n<div><strong>Proceso:<\/strong>\u00a0Doble inyecci\u00f3n de PVC<\/div>\n<div><strong>Forro:<\/strong>\u00a0Media en nylon texturizado tejido en rizo para dar confort<\/div>\n<div><strong>Color full RH:<\/strong>\u00a0Amarilla y Blanca<\/div>\n<div><strong>Suela:<\/strong>\u00a0Antideslizante y auto limpiante de excelente agarre<\/div>\n<div><strong>Puntera:<\/strong>\u00a0En acero EN 12568<\/div>\n<div><strong>Usos:<\/strong>\u00a0Construcci\u00f3n, miner\u00eda, sector metalmec\u00e1nico y alimentos<\/div>\n<div><strong>Tallas:<\/strong>\u00a036-44<\/div>\n","protected":false},"featured_media":2461,"comment_status":"open","ping_status":"closed","template":"","meta":[],"product_brand":[],"product_cat":[258,269],"product_tag":[],"class_list":{"0":"post-2460","1":"product","2":"type-product","3":"status-publish","4":"has-post-thumbnail","6":"product_cat-calzado-de-seguridad","7":"product_cat-botas-de-caucho","8":"yith_product_brand-idecal","10":"first","11":"instock","12":"shipping-taxable","13":"product-type-simple"},"_links":{"self":[{"href":"https:\/\/dotacionesrico.com\/index.php?rest_route=\/wp\/v2\/product\/2460","targetHints":{"allow":["GET"]}}],"collection":[{"href":"https:\/\/dotacionesrico.com\/index.php?rest_route=\/wp\/v2\/product"}],"about":[{"href":"https:\/\/dotacionesrico.com\/index.php?rest_route=\/wp\/v2\/types\/product"}],"replies":[{"embeddable":true,"href":"https:\/\/dotacionesrico.com\/index.php?rest_route=%2Fwp%2Fv2%2Fcomments&post=2460"}],"wp:featuredmedia":[{"embeddable":true,"href":"https:\/\/dotacionesrico.com\/index.php?rest_route=\/wp\/v2\/media\/2461"}],"wp:attachment":[{"href":"https:\/\/dotacionesrico.com\/index.php?rest_route=%2Fwp%2Fv2%2Fmedia&parent=2460"}],"wp:term":[{"taxonomy":"product_brand","embeddable":true,"href":"https:\/\/dotacionesrico.com\/index.php?rest_route=%2Fwp%2Fv2%2Fproduct_brand&post=2460"},{"taxonomy":"product_cat","embeddable":true,"href":"https:\/\/dotacionesrico.com\/index.php?rest_route=%2Fwp%2Fv2%2Fproduct_cat&post=2460"},{"taxonomy":"product_tag","embeddable":true,"href":"https:\/\/dotacionesrico.com\/index.php?rest_route=%2Fwp%2Fv2%2Fproduct_tag&post=2460"}],"curies":[{"name":"wp","href":"https:\/\/api.w.org\/{rel}","templated":true}]}}