{"id":2372,"date":"2018-01-10T04:38:45","date_gmt":"2018-01-10T04:38:45","guid":{"rendered":"https:\/\/dotacionesrico.com\/?post_type=product&#038;p=2372"},"modified":"2018-02-01T19:33:57","modified_gmt":"2018-02-01T19:33:57","slug":"bota-de-seguridad-dielectrica-liviana","status":"publish","type":"product","link":"https:\/\/dotacionesrico.com\/?product=bota-de-seguridad-dielectrica-liviana","title":{"rendered":"Bota de seguridad dielectrica liviana"},"content":{"rendered":"<p>Bot\u00edn en cuero dise\u00f1ado especialmente para calzado de seguridad industrial diel\u00e9ctrico con puntera pl\u00e1stica resistente al impacto y suela en poliuretano bidensidad con protecci\u00f3n a\u00a0 hidrocarburos<\/p>\n","protected":false},"excerpt":{"rendered":"<table class=\"table-data-sheet\">\n<tbody>\n<tr class=\"odd\">\n<td>Colores<\/td>\n<td>Negro<\/td>\n<\/tr>\n<tr class=\"even\">\n<td>Peso<\/td>\n<td>960 gramos por par (Norma ASTM D792)<\/td>\n<\/tr>\n<tr class=\"odd\">\n<td>Fabricado<\/td>\n<td>Cuero mocas\u00edn liso, curtido al cromo, calibre 1.8 \u2013 2.0 mm. Resistente al desgarre de 120 N , resistente a la abrasi\u00f3n a fluidos y a la humedad.<\/td>\n<\/tr>\n<tr class=\"even\">\n<td>Costuras<\/td>\n<td>Hilo continuo de nylon de alta tenacidad, No 20, excelente recuperaci\u00f3n el\u00e1stica, resistente a la humedad y a la abrasi\u00f3n. Resistencia 8900 cN. 1cN(centiniwton) 1.02 gramos fuerza.<\/td>\n<\/tr>\n<tr class=\"odd\">\n<td>Tallas<\/td>\n<td>34-45<\/td>\n<\/tr>\n<tr class=\"even\">\n<td>Forro<\/td>\n<td>Tela no tejida en fibras de poli\u00e9ster 2 mm. Protege el pie del contacto con la puntera.<\/td>\n<\/tr>\n<tr class=\"odd\">\n<td>Suela<\/td>\n<td>Poliuretano (PU) bidensidad de inyecci\u00f3n directa al corte , antidelizante que garantiza absorci\u00f3n del impacto caracterizada por ser Resistente a Hidrocarburos (R.H.) y Diel\u00e9ctrica (D.E.). Dureza: 60 a 65 SHOREA<\/td>\n<\/tr>\n<tr class=\"even\">\n<td>Usos<\/td>\n<td>Industrias de Construcci\u00f3n &#8211; mineras &#8211; sider\u00fargicas y afines.<\/td>\n<\/tr>\n<tr class=\"odd\">\n<td>Platilla<\/td>\n<td>Anatomica con absorci\u00f3n de impacto<\/td>\n<\/tr>\n<tr class=\"even\">\n<td>Cordones<\/td>\n<td>En poliester pesado con puntas de acetato que impide desfleque<\/td>\n<\/tr>\n<tr class=\"odd\">\n<td>Puntera<\/td>\n<td>Pl\u00e1stica diel\u00e9ctrica y extraliviana resistente al impacto en norma 12568 (Resistencia al impacto: 200 Joules \u2013Resistencia a la compresi\u00f3n: 15 KN)<\/td>\n<\/tr>\n<tr class=\"even\">\n<td>Ojalete<\/td>\n<td>Pl\u00e1stico<\/td>\n<\/tr>\n<tr class=\"odd\">\n<td>Altura de Cuello<\/td>\n<td>6 pulgadas<\/td>\n<\/tr>\n<\/tbody>\n<\/table>\n","protected":false},"featured_media":2373,"comment_status":"open","ping_status":"closed","template":"","meta":[],"product_brand":[],"product_cat":[258,268],"product_tag":[],"class_list":{"0":"post-2372","1":"product","2":"type-product","3":"status-publish","4":"has-post-thumbnail","6":"product_cat-calzado-de-seguridad","7":"product_cat-botas-en-cuero","9":"first","10":"instock","11":"shipping-taxable","12":"product-type-simple"},"_links":{"self":[{"href":"https:\/\/dotacionesrico.com\/index.php?rest_route=\/wp\/v2\/product\/2372","targetHints":{"allow":["GET"]}}],"collection":[{"href":"https:\/\/dotacionesrico.com\/index.php?rest_route=\/wp\/v2\/product"}],"about":[{"href":"https:\/\/dotacionesrico.com\/index.php?rest_route=\/wp\/v2\/types\/product"}],"replies":[{"embeddable":true,"href":"https:\/\/dotacionesrico.com\/index.php?rest_route=%2Fwp%2Fv2%2Fcomments&post=2372"}],"wp:featuredmedia":[{"embeddable":true,"href":"https:\/\/dotacionesrico.com\/index.php?rest_route=\/wp\/v2\/media\/2373"}],"wp:attachment":[{"href":"https:\/\/dotacionesrico.com\/index.php?rest_route=%2Fwp%2Fv2%2Fmedia&parent=2372"}],"wp:term":[{"taxonomy":"product_brand","embeddable":true,"href":"https:\/\/dotacionesrico.com\/index.php?rest_route=%2Fwp%2Fv2%2Fproduct_brand&post=2372"},{"taxonomy":"product_cat","embeddable":true,"href":"https:\/\/dotacionesrico.com\/index.php?rest_route=%2Fwp%2Fv2%2Fproduct_cat&post=2372"},{"taxonomy":"product_tag","embeddable":true,"href":"https:\/\/dotacionesrico.com\/index.php?rest_route=%2Fwp%2Fv2%2Fproduct_tag&post=2372"}],"curies":[{"name":"wp","href":"https:\/\/api.w.org\/{rel}","templated":true}]}}