{"id":2091,"date":"2017-05-30T18:16:12","date_gmt":"2017-05-30T18:16:12","guid":{"rendered":"http:\/\/localhost\/sornacommerce-pro\/?page_id=2091"},"modified":"2018-01-26T00:33:19","modified_gmt":"2018-01-26T00:33:19","slug":"about-us","status":"publish","type":"page","link":"https:\/\/dotacionesrico.com\/?page_id=2091","title":{"rendered":"Quienes somos"},"content":{"rendered":"<div id=\"pl-2091\"  class=\"panel-layout\" ><div id=\"pg-2091-0\"  class=\"panel-grid panel-no-style\" ><div id=\"pgc-2091-0-0\"  class=\"panel-grid-cell\" ><div id=\"panel-2091-0-0-0\" class=\"so-panel widget widget_sow-headline panel-first-child\" data-index=\"0\" ><div\n\t\t\t\n\t\t\tclass=\"so-widget-sow-headline so-widget-sow-headline-default-77f6683a7059-2091\"\n\t\t\t\n\t\t><div class=\"sow-headline-container \">\n\t\t\t\t\t\t\t<h2 class=\"sow-headline\">\n\t\t\t\t\t\tAcerca de nosotros\t\t\t\t\t\t<\/h2>\n\t\t\t\t\t\t<\/div>\n<\/div><\/div><div id=\"panel-2091-0-0-1\" class=\"so-panel widget widget_sow-editor panel-last-child\" data-index=\"1\" ><div\n\t\t\t\n\t\t\tclass=\"so-widget-sow-editor so-widget-sow-editor-base\"\n\t\t\t\n\t\t>\n<div class=\"siteorigin-widget-tinymce textwidget\">\n\t<ul>\n<li><span style=\"color: #000080;\">Creada en el a\u00f1o 2004, dedicada a la Fabricaci\u00f3n y Comercializaci\u00f3n de Elementos de Protecci\u00f3n Personal y Seguridad Industrial.<\/span><\/li>\n<li><span style=\"color: #000080;\">Nuestro compromiso es el satisfacer las necesidades y expectativas de nuestros Clientes, ofreciendo los mejores productos con la m\u00e1s alta Calidad. Para ello contamos con un grupo de Profesionales altamente calificados.<\/span><\/li>\n<li><span style=\"color: #000080;\">Somos FABRICANTES de Overoles, Conjuntos, Uniformes, Blusas entre otros, Confeccionamos en materiales como Dril, Jean, Poliester, Lino flex y Antifluidos.<\/span><\/li>\n<li><span style=\"color: #000080;\">Somos\u00a0<strong>DISTRIBUIDORES\u00a0<\/strong>de Botas industriales de caucho y cuero, gafas de seguridad, cascos y elementos que protegen a la persona en sus labores diarias.<\/span><\/li>\n<\/ul>\n<\/div>\n<\/div><\/div><\/div><\/div><div id=\"pg-2091-1\"  class=\"panel-grid panel-no-style\" ><div id=\"pgc-2091-1-0\"  class=\"panel-grid-cell\" ><div id=\"panel-2091-1-0-0\" class=\"so-panel widget widget_sow-headline panel-first-child\" data-index=\"2\" ><div\n\t\t\t\n\t\t\tclass=\"so-widget-sow-headline so-widget-sow-headline-default-77f6683a7059-2091\"\n\t\t\t\n\t\t><div class=\"sow-headline-container \">\n\t\t\t\t\t\t\t<h2 class=\"sow-headline\">\n\t\t\t\t\t\tMISION\t\t\t\t\t\t<\/h2>\n\t\t\t\t\t\t<\/div>\n<\/div><\/div><div id=\"panel-2091-1-0-1\" class=\"so-panel widget widget_sow-editor panel-last-child\" data-index=\"3\" ><div\n\t\t\t\n\t\t\tclass=\"so-widget-sow-editor so-widget-sow-editor-base\"\n\t\t\t\n\t\t>\n<div class=\"siteorigin-widget-tinymce textwidget\">\n\t<p style=\"text-align: center;\"><span style=\"color: #000080;\">Brindar a nuestro cliente ropa de trabajo de excelente calidad, proporcionando soluciones para proteger a sus empleados, respetando siempre la integridad del mismo; a su vez enfoc\u00e1ndonos en los valores de respeto, confianza y puntualidad con el fin de superar las expectativas del cliente.<\/span><\/p>\n<\/div>\n<\/div><\/div><\/div><\/div><div id=\"pg-2091-2\"  class=\"panel-grid panel-no-style\" ><div id=\"pgc-2091-2-0\"  class=\"panel-grid-cell\" ><div id=\"panel-2091-2-0-0\" class=\"so-panel widget widget_sow-headline panel-first-child\" data-index=\"4\" ><div\n\t\t\t\n\t\t\tclass=\"so-widget-sow-headline so-widget-sow-headline-default-77f6683a7059-2091\"\n\t\t\t\n\t\t><div class=\"sow-headline-container \">\n\t\t\t\t\t\t\t<h2 class=\"sow-headline\">\n\t\t\t\t\t\tVISION\t\t\t\t\t\t<\/h2>\n\t\t\t\t\t\t<\/div>\n<\/div><\/div><div id=\"panel-2091-2-0-1\" class=\"so-panel widget widget_sow-editor panel-last-child\" data-index=\"5\" ><div\n\t\t\t\n\t\t\tclass=\"so-widget-sow-editor so-widget-sow-editor-base\"\n\t\t\t\n\t\t>\n<div class=\"siteorigin-widget-tinymce textwidget\">\n\t<p style=\"text-align: center;\"><span style=\"color: #000080;\">Posicionarnos como unas de las mejores empresas de dotaci\u00f3n industrial para el a\u00f1o 2020 y ser reconocida por distribuir productos de alta calidad y precios competitivos en el mercado.\u00a0<\/span><\/p>\n<\/div>\n<\/div><\/div><\/div><\/div><\/div>","protected":false},"excerpt":{"rendered":"<p>Creada en el a\u00f1o 2004, dedicada a la Fabricaci\u00f3n y Comercializaci\u00f3n de Elementos de Protecci\u00f3n Personal y Seguridad Industrial. Nuestro compromiso es el satisfacer las necesidades y expectativas de nuestros Clientes, ofreciendo los mejores productos con la m\u00e1s alta Calidad. [&hellip;]<\/p>\n","protected":false},"author":2,"featured_media":0,"parent":0,"menu_order":0,"comment_status":"closed","ping_status":"closed","template":"","meta":{"footnotes":""},"class_list":["post-2091","page","type-page","status-publish","hentry"],"_links":{"self":[{"href":"https:\/\/dotacionesrico.com\/index.php?rest_route=\/wp\/v2\/pages\/2091","targetHints":{"allow":["GET"]}}],"collection":[{"href":"https:\/\/dotacionesrico.com\/index.php?rest_route=\/wp\/v2\/pages"}],"about":[{"href":"https:\/\/dotacionesrico.com\/index.php?rest_route=\/wp\/v2\/types\/page"}],"author":[{"embeddable":true,"href":"https:\/\/dotacionesrico.com\/index.php?rest_route=\/wp\/v2\/users\/2"}],"replies":[{"embeddable":true,"href":"https:\/\/dotacionesrico.com\/index.php?rest_route=%2Fwp%2Fv2%2Fcomments&post=2091"}],"version-history":[{"count":24,"href":"https:\/\/dotacionesrico.com\/index.php?rest_route=\/wp\/v2\/pages\/2091\/revisions"}],"predecessor-version":[{"id":2451,"href":"https:\/\/dotacionesrico.com\/index.php?rest_route=\/wp\/v2\/pages\/2091\/revisions\/2451"}],"wp:attachment":[{"href":"https:\/\/dotacionesrico.com\/index.php?rest_route=%2Fwp%2Fv2%2Fmedia&parent=2091"}],"curies":[{"name":"wp","href":"https:\/\/api.w.org\/{rel}","templated":true}]}}